{"id":40,"date":"2025-05-25T16:03:15","date_gmt":"2025-05-25T16:03:15","guid":{"rendered":"https:\/\/resonanskiropraktikk.no\/?page_id=40"},"modified":"2025-07-13T14:04:05","modified_gmt":"2025-07-13T14:04:05","slug":"om","status":"publish","type":"page","link":"https:\/\/resonanskiropraktikk.no\/index.php\/om\/","title":{"rendered":"Om Ragnhild"},"content":{"rendered":"\n<div class=\"wp-block-group is-nowrap is-layout-flex wp-container-core-group-is-layout-6c531013 wp-block-group-is-layout-flex\">\n<p>Ragnhild Perst\u00f8len, med kiropraktorutdanning fra Palmer College of Chiropractic West i California og Norges idrettsh\u00f8gskole, utf\u00f8rer konsultasjoner med grundig vurdering av pasientens sykehistorie og omfattende unders\u00f8kelser for n\u00f8yaktig diagnose. Hennes skreddersydde behandlingsplaner omfatter manuell behandling, \u00f8velser og personlig veiledning.<\/p>\n<\/div>\n\n\n\n<p>Med 30 \u00e5rs erfaring innen nerve-, muskel- og skjelettlidelser fungerer hun som prim\u00e6rkontakt, med muligheten til \u00e5 henvise til spesialister ved behov. Ragnhild kan ogs\u00e5 bestille bildediagnostikk og sykemelde pasienter hvis n\u00f8dvendig.<\/p>\n\n\n\n<p>Hun har lang erfaring med utredning og behandling av b\u00e5de akutte og langvarige nakke- og ryggsmerter samt relaterte plager som hodepine og svimmelhet (BPPV). Ragnhild tar imot pasienter med smerter i brystrygg, skulder, arm, bekken og hofte. I tillegg har hun spisskompetanse p\u00e5 kjeveplager\/TMD og behandling\/rehabilitering av spinalstenose.<\/p>\n\n\n\n<p>Ragnhild opprettholder sitt faglige niv\u00e5 ved \u00e5 delta i \u00e5rlige kurs og f\u00f8lger seneste forskningsresultater, noe som sikrer en kunnskapsbasert praksis. I tillegg samarbeider hun bl.a. med fysikalsk medisinere\u00a0og idrettsleger med spesialisering p\u00e5 muskel- og skjelettsykdommer, samt ortopeder hos Volvat Nimi.<\/p>\n\n\n\n<figure class=\"wp-block-image size-full\"><img loading=\"lazy\" decoding=\"async\" width=\"300\" height=\"300\" src=\"https:\/\/resonanskiropraktikk.no\/wp-content\/uploads\/2025\/07\/perstolen-ragnhild.webp\" alt=\"\" class=\"wp-image-98\" srcset=\"https:\/\/resonanskiropraktikk.no\/wp-content\/uploads\/2025\/07\/perstolen-ragnhild.webp 300w, https:\/\/resonanskiropraktikk.no\/wp-content\/uploads\/2025\/07\/perstolen-ragnhild-150x150.webp 150w\" sizes=\"auto, (max-width: 300px) 100vw, 300px\" \/><\/figure>\n","protected":false},"excerpt":{"rendered":"<p>Ragnhild Perst\u00f8len, med kiropraktorutdanning fra Palmer College of Chiropractic West i California og Norges idrettsh\u00f8gskole, utf\u00f8rer konsultasjoner med grundig vurdering av pasientens sykehistorie og omfattende unders\u00f8kelser for n\u00f8yaktig diagnose. Hennes skreddersydde behandlingsplaner omfatter manuell behandling, \u00f8velser og personlig veiledning. Med 30 \u00e5rs erfaring innen nerve-, muskel- og skjelettlidelser fungerer hun som prim\u00e6rkontakt, med muligheten til [&hellip;]<\/p>\n","protected":false},"author":1,"featured_media":0,"parent":0,"menu_order":1,"comment_status":"closed","ping_status":"closed","template":"","meta":{"footnotes":""},"class_list":["post-40","page","type-page","status-publish","hentry"],"_links":{"self":[{"href":"https:\/\/resonanskiropraktikk.no\/index.php\/wp-json\/wp\/v2\/pages\/40","targetHints":{"allow":["GET"]}}],"collection":[{"href":"https:\/\/resonanskiropraktikk.no\/index.php\/wp-json\/wp\/v2\/pages"}],"about":[{"href":"https:\/\/resonanskiropraktikk.no\/index.php\/wp-json\/wp\/v2\/types\/page"}],"author":[{"embeddable":true,"href":"https:\/\/resonanskiropraktikk.no\/index.php\/wp-json\/wp\/v2\/users\/1"}],"replies":[{"embeddable":true,"href":"https:\/\/resonanskiropraktikk.no\/index.php\/wp-json\/wp\/v2\/comments?post=40"}],"version-history":[{"count":10,"href":"https:\/\/resonanskiropraktikk.no\/index.php\/wp-json\/wp\/v2\/pages\/40\/revisions"}],"predecessor-version":[{"id":121,"href":"https:\/\/resonanskiropraktikk.no\/index.php\/wp-json\/wp\/v2\/pages\/40\/revisions\/121"}],"wp:attachment":[{"href":"https:\/\/resonanskiropraktikk.no\/index.php\/wp-json\/wp\/v2\/media?parent=40"}],"curies":[{"name":"wp","href":"https:\/\/api.w.org\/{rel}","templated":true}]}}