{"id":56,"date":"2025-05-25T15:56:31","date_gmt":"2025-05-25T15:56:31","guid":{"rendered":"https:\/\/resonanskiropraktikk.no\/?page_id=56"},"modified":"2025-07-13T13:03:01","modified_gmt":"2025-07-13T13:03:01","slug":"kontakt","status":"publish","type":"page","link":"https:\/\/resonanskiropraktikk.no\/index.php\/kontakt\/","title":{"rendered":"Kontakt"},"content":{"rendered":"\n<p>Du finner kiropraktor Ragnhild Perst\u00f8len p\u00e5 Volvat Nimi p\u00e5 Storo i Oslo.<\/p>\n\n\n\n<p>Vitaminveien 1A<br>0485 Oslo<\/p>\n\n\n\n<p>T-bane: Storo<\/p>\n\n\n\n<p>Telefon Volvat Nimi: 02430<\/p>\n\n\n\n<p>Mobil: 930 55 248<\/p>\n\n\n\n<p><\/p>\n\n\n\n<p>E-mail: ragnhild.perstolen@volvat.no<\/p>\n\n\n\n<p><\/p>\n\n\n\n<div class=\"wp-block-buttons is-layout-flex wp-block-buttons-is-layout-flex\">\n<div class=\"wp-block-button\"><a class=\"wp-block-button__link has-background wp-element-button\" href=\"https:\/\/www.nimi.no\/lokasjoner\/oslo\/tjenester\/kiropraktor\" style=\"background-color:#144b8c\" target=\"_blank\" rel=\"noreferrer noopener\">Bestill time<\/a><\/div>\n<\/div>\n","protected":false},"excerpt":{"rendered":"<p>Du finner kiropraktor Ragnhild Perst\u00f8len p\u00e5 Volvat Nimi p\u00e5 Storo i Oslo. Vitaminveien 1A0485 Oslo T-bane: Storo Telefon Volvat Nimi: 02430 Mobil: 930 55 248 E-mail: ragnhild.perstolen@volvat.no<\/p>\n","protected":false},"author":1,"featured_media":0,"parent":0,"menu_order":5,"comment_status":"closed","ping_status":"closed","template":"","meta":{"footnotes":""},"class_list":["post-56","page","type-page","status-publish","hentry"],"_links":{"self":[{"href":"https:\/\/resonanskiropraktikk.no\/index.php\/wp-json\/wp\/v2\/pages\/56","targetHints":{"allow":["GET"]}}],"collection":[{"href":"https:\/\/resonanskiropraktikk.no\/index.php\/wp-json\/wp\/v2\/pages"}],"about":[{"href":"https:\/\/resonanskiropraktikk.no\/index.php\/wp-json\/wp\/v2\/types\/page"}],"author":[{"embeddable":true,"href":"https:\/\/resonanskiropraktikk.no\/index.php\/wp-json\/wp\/v2\/users\/1"}],"replies":[{"embeddable":true,"href":"https:\/\/resonanskiropraktikk.no\/index.php\/wp-json\/wp\/v2\/comments?post=56"}],"version-history":[{"count":6,"href":"https:\/\/resonanskiropraktikk.no\/index.php\/wp-json\/wp\/v2\/pages\/56\/revisions"}],"predecessor-version":[{"id":119,"href":"https:\/\/resonanskiropraktikk.no\/index.php\/wp-json\/wp\/v2\/pages\/56\/revisions\/119"}],"wp:attachment":[{"href":"https:\/\/resonanskiropraktikk.no\/index.php\/wp-json\/wp\/v2\/media?parent=56"}],"curies":[{"name":"wp","href":"https:\/\/api.w.org\/{rel}","templated":true}]}}